{"id":319,"date":"2025-02-04T14:27:48","date_gmt":"2025-02-04T14:27:48","guid":{"rendered":"https:\/\/bugaderiashirley.es\/sobre-nosotros\/"},"modified":"2025-02-12T11:37:24","modified_gmt":"2025-02-12T11:37:24","slug":"sobre-nosotros","status":"publish","type":"page","link":"https:\/\/bugaderiashirley.es\/es\/sobre-nosotros\/","title":{"rendered":"Sobre nosotros"},"content":{"rendered":"\t\t<div data-elementor-type=\"wp-page\" data-elementor-id=\"319\" class=\"elementor elementor-319 elementor-127\" data-elementor-post-type=\"page\">\n\t\t\t\t\t\t<section class=\"elementor-section elementor-top-section elementor-element elementor-element-46ea4e96 elementor-section-height-min-height elementor-section-boxed elementor-section-height-default elementor-section-items-middle\" data-id=\"46ea4e96\" data-element_type=\"section\" data-e-type=\"section\" data-settings=\"{&quot;background_background&quot;:&quot;classic&quot;}\">\n\t\t\t\t\t\t\t<div class=\"elementor-background-overlay\"><\/div>\n\t\t\t\t\t\t\t<div class=\"elementor-container elementor-column-gap-default\">\n\t\t\t\t\t<div class=\"elementor-column elementor-col-100 elementor-top-column elementor-element elementor-element-25a14a9a\" data-id=\"25a14a9a\" data-element_type=\"column\" data-e-type=\"column\">\n\t\t\t<div class=\"elementor-widget-wrap elementor-element-populated\">\n\t\t\t\t\t\t<div class=\"elementor-element elementor-element-474be628 elementor-widget elementor-widget-heading\" data-id=\"474be628\" data-element_type=\"widget\" data-e-type=\"widget\" data-widget_type=\"heading.default\">\n\t\t\t\t<div class=\"elementor-widget-container\">\n\t\t\t\t\t<h2 class=\"elementor-heading-title elementor-size-default\">Sobre nosotros<\/h2>\t\t\t\t<\/div>\n\t\t\t\t<\/div>\n\t\t\t\t<div class=\"elementor-element elementor-element-4dd1e4b0 elementor-widget elementor-widget-spacer\" data-id=\"4dd1e4b0\" data-element_type=\"widget\" data-e-type=\"widget\" data-widget_type=\"spacer.default\">\n\t\t\t\t<div class=\"elementor-widget-container\">\n\t\t\t\t\t\t\t<div class=\"elementor-spacer\">\n\t\t\t<div class=\"elementor-spacer-inner\"><\/div>\n\t\t<\/div>\n\t\t\t\t\t\t<\/div>\n\t\t\t\t<\/div>\n\t\t\t\t\t<\/div>\n\t\t<\/div>\n\t\t\t\t\t<\/div>\n\t\t<\/section>\n\t\t<div class=\"elementor-element elementor-element-1ea6424 e-flex e-con-boxed e-con e-parent\" data-id=\"1ea6424\" data-element_type=\"container\" data-e-type=\"container\" data-settings=\"{&quot;background_background&quot;:&quot;classic&quot;}\">\n\t\t\t\t\t<div class=\"e-con-inner\">\n\t\t\t\t<div class=\"elementor-element elementor-element-a3f7f61 elementor-widget elementor-widget-heading\" data-id=\"a3f7f61\" data-element_type=\"widget\" data-e-type=\"widget\" data-widget_type=\"heading.default\">\n\t\t\t\t<div class=\"elementor-widget-container\">\n\t\t\t\t\t<h3 class=\"elementor-heading-title elementor-size-default\">M\u00e1s que una lavander\u00eda, un espacio pensado para ti<\/h3>\t\t\t\t<\/div>\n\t\t\t\t<\/div>\n\t\t\t\t<div class=\"elementor-element elementor-element-55132ae elementor-widget elementor-widget-heading\" data-id=\"55132ae\" data-element_type=\"widget\" data-e-type=\"widget\" data-widget_type=\"heading.default\">\n\t\t\t\t<div class=\"elementor-widget-container\">\n\t\t\t\t\t<h6 class=\"elementor-heading-title elementor-size-default\">En la lavander\u00eda L\u2019\u00c0via Shirley, creemos que lavar la ropa debe ser una tarea f\u00e1cil, r\u00e1pida y c\u00f3moda. Somos una lavander\u00eda autoservicio moderna en Figueres, equipada con maquinaria de \u00faltima generaci\u00f3n fabricada en Catalu\u00f1a para garantizar los mejores resultados.<\/h6>\t\t\t\t<\/div>\n\t\t\t\t<\/div>\n\t\t\t\t\t<\/div>\n\t\t\t\t<\/div>\n\t\t\t\t<section class=\"elementor-section elementor-top-section elementor-element elementor-element-291f9bec elementor-section-boxed elementor-section-height-default elementor-section-height-default\" data-id=\"291f9bec\" data-element_type=\"section\" data-e-type=\"section\" data-settings=\"{&quot;background_background&quot;:&quot;classic&quot;}\">\n\t\t\t\t\t\t<div class=\"elementor-container elementor-column-gap-default\">\n\t\t\t\t\t<div class=\"elementor-column elementor-col-50 elementor-top-column elementor-element elementor-element-32ad162d\" data-id=\"32ad162d\" data-element_type=\"column\" data-e-type=\"column\">\n\t\t\t<div class=\"elementor-widget-wrap elementor-element-populated\">\n\t\t\t\t\t\t<div class=\"elementor-element elementor-element-643a0795 elementor-widget elementor-widget-heading\" data-id=\"643a0795\" data-element_type=\"widget\" data-e-type=\"widget\" data-widget_type=\"heading.default\">\n\t\t\t\t<div class=\"elementor-widget-container\">\n\t\t\t\t\t<h3 class=\"elementor-heading-title elementor-size-default\">\u00bfPor qu\u00e9 elegirnos?<\/h3>\t\t\t\t<\/div>\n\t\t\t\t<\/div>\n\t\t\t\t<section class=\"elementor-section elementor-inner-section elementor-element elementor-element-5ae64c60 elementor-section-boxed elementor-section-height-default elementor-section-height-default\" data-id=\"5ae64c60\" data-element_type=\"section\" data-e-type=\"section\">\n\t\t\t\t\t\t<div class=\"elementor-container elementor-column-gap-no\">\n\t\t\t\t\t<div class=\"elementor-column elementor-col-100 elementor-inner-column elementor-element elementor-element-5f8fab1b\" data-id=\"5f8fab1b\" data-element_type=\"column\" data-e-type=\"column\">\n\t\t\t<div class=\"elementor-widget-wrap elementor-element-populated\">\n\t\t\t\t\t\t<div class=\"elementor-element elementor-element-48f1b40a elementor-widget elementor-widget-heading\" data-id=\"48f1b40a\" data-element_type=\"widget\" data-e-type=\"widget\" data-widget_type=\"heading.default\">\n\t\t\t\t<div class=\"elementor-widget-container\">\n\t\t\t\t\t<h6 class=\"elementor-heading-title elementor-size-default\">Queremos que cada cliente tenga una experiencia c\u00f3moda mientras lava su ropa, por eso ofrecemos un espacio limpio, amplio y acogedor.<\/h6>\t\t\t\t<\/div>\n\t\t\t\t<\/div>\n\t\t\t\t\t<\/div>\n\t\t<\/div>\n\t\t\t\t\t<\/div>\n\t\t<\/section>\n\t\t\t\t<div class=\"elementor-element elementor-element-7b69ae8e elementor-widget elementor-widget-spacer\" data-id=\"7b69ae8e\" data-element_type=\"widget\" data-e-type=\"widget\" data-widget_type=\"spacer.default\">\n\t\t\t\t<div class=\"elementor-widget-container\">\n\t\t\t\t\t\t\t<div class=\"elementor-spacer\">\n\t\t\t<div class=\"elementor-spacer-inner\"><\/div>\n\t\t<\/div>\n\t\t\t\t\t\t<\/div>\n\t\t\t\t<\/div>\n\t\t\t\t<div class=\"elementor-element elementor-element-23602587 elementor-widget-divider--view-line elementor-widget elementor-widget-divider\" data-id=\"23602587\" data-element_type=\"widget\" data-e-type=\"widget\" data-widget_type=\"divider.default\">\n\t\t\t\t<div class=\"elementor-widget-container\">\n\t\t\t\t\t\t\t<div class=\"elementor-divider\">\n\t\t\t<span class=\"elementor-divider-separator\">\n\t\t\t\t\t\t<\/span>\n\t\t<\/div>\n\t\t\t\t\t\t<\/div>\n\t\t\t\t<\/div>\n\t\t\t\t<div class=\"elementor-element elementor-element-423a2d8d elementor-align-start elementor-icon-list--layout-traditional elementor-list-item-link-full_width elementor-widget elementor-widget-icon-list\" data-id=\"423a2d8d\" data-element_type=\"widget\" data-e-type=\"widget\" data-widget_type=\"icon-list.default\">\n\t\t\t\t<div class=\"elementor-widget-container\">\n\t\t\t\t\t\t\t<ul class=\"elementor-icon-list-items\">\n\t\t\t\t\t\t\t<li class=\"elementor-icon-list-item\">\n\t\t\t\t\t\t\t\t\t\t\t<span class=\"elementor-icon-list-icon\">\n\t\t\t\t\t\t\t<svg aria-hidden=\"true\" class=\"e-font-icon-svg e-fas-check\" viewBox=\"0 0 512 512\" xmlns=\"http:\/\/www.w3.org\/2000\/svg\"><path d=\"M173.898 439.404l-166.4-166.4c-9.997-9.997-9.997-26.206 0-36.204l36.203-36.204c9.997-9.998 26.207-9.998 36.204 0L192 312.69 432.095 72.596c9.997-9.997 26.207-9.997 36.204 0l36.203 36.204c9.997 9.997 9.997 26.206 0 36.204l-294.4 294.401c-9.998 9.997-26.207 9.997-36.204-.001z\"><\/path><\/svg>\t\t\t\t\t\t<\/span>\n\t\t\t\t\t\t\t\t\t\t<span class=\"elementor-icon-list-text\"><b>Servicio eficiente y de calidad:<\/b> Lavadoras y secadoras de alta capacidad que aseguran una limpieza impecable<\/span>\n\t\t\t\t\t\t\t\t\t<\/li>\n\t\t\t\t\t\t\t\t<li class=\"elementor-icon-list-item\">\n\t\t\t\t\t\t\t\t\t\t\t<span class=\"elementor-icon-list-icon\">\n\t\t\t\t\t\t\t<svg aria-hidden=\"true\" class=\"e-font-icon-svg e-fas-check\" viewBox=\"0 0 512 512\" xmlns=\"http:\/\/www.w3.org\/2000\/svg\"><path d=\"M173.898 439.404l-166.4-166.4c-9.997-9.997-9.997-26.206 0-36.204l36.203-36.204c9.997-9.998 26.207-9.998 36.204 0L192 312.69 432.095 72.596c9.997-9.997 26.207-9.997 36.204 0l36.203 36.204c9.997 9.997 9.997 26.206 0 36.204l-294.4 294.401c-9.998 9.997-26.207 9.997-36.204-.001z\"><\/path><\/svg>\t\t\t\t\t\t<\/span>\n\t\t\t\t\t\t\t\t\t\t<span class=\"elementor-icon-list-text\"><b>Comodidad mientras esperas:<\/b> Disfruta de nuestra zona de espera equipada con TV y m\u00e1quina de caf\u00e9.<\/span>\n\t\t\t\t\t\t\t\t\t<\/li>\n\t\t\t\t\t\t\t\t<li class=\"elementor-icon-list-item\">\n\t\t\t\t\t\t\t\t\t\t\t<span class=\"elementor-icon-list-icon\">\n\t\t\t\t\t\t\t<svg aria-hidden=\"true\" class=\"e-font-icon-svg e-fas-check\" viewBox=\"0 0 512 512\" xmlns=\"http:\/\/www.w3.org\/2000\/svg\"><path d=\"M173.898 439.404l-166.4-166.4c-9.997-9.997-9.997-26.206 0-36.204l36.203-36.204c9.997-9.998 26.207-9.998 36.204 0L192 312.69 432.095 72.596c9.997-9.997 26.207-9.997 36.204 0l36.203 36.204c9.997 9.997 9.997 26.206 0 36.204l-294.4 294.401c-9.998 9.997-26.207 9.997-36.204-.001z\"><\/path><\/svg>\t\t\t\t\t\t<\/span>\n\t\t\t\t\t\t\t\t\t\t<span class=\"elementor-icon-list-text\"><b>Ubicaci\u00f3n accesible:<\/b> F\u00e1cil aparcamiento para que puedas venir sin preocupaciones.<\/span>\n\t\t\t\t\t\t\t\t\t<\/li>\n\t\t\t\t\t\t\t\t<li class=\"elementor-icon-list-item\">\n\t\t\t\t\t\t\t\t\t\t\t<span class=\"elementor-icon-list-icon\">\n\t\t\t\t\t\t\t<svg aria-hidden=\"true\" class=\"e-font-icon-svg e-fas-check\" viewBox=\"0 0 512 512\" xmlns=\"http:\/\/www.w3.org\/2000\/svg\"><path d=\"M173.898 439.404l-166.4-166.4c-9.997-9.997-9.997-26.206 0-36.204l36.203-36.204c9.997-9.998 26.207-9.998 36.204 0L192 312.69 432.095 72.596c9.997-9.997 26.207-9.997 36.204 0l36.203 36.204c9.997 9.997 9.997 26.206 0 36.204l-294.4 294.401c-9.998 9.997-26.207 9.997-36.204-.001z\"><\/path><\/svg>\t\t\t\t\t\t<\/span>\n\t\t\t\t\t\t\t\t\t\t<span class=\"elementor-icon-list-text\"><b>Tecnolog\u00eda y sostenibilidad:<\/b> Maquinaria eficiente y productos respetuosos con el medio ambiente.<\/span>\n\t\t\t\t\t\t\t\t\t<\/li>\n\t\t\t\t\t\t<\/ul>\n\t\t\t\t\t\t<\/div>\n\t\t\t\t<\/div>\n\t\t\t\t<div class=\"elementor-element elementor-element-2ae96b72 elementor-widget elementor-widget-spacer\" data-id=\"2ae96b72\" data-element_type=\"widget\" data-e-type=\"widget\" data-widget_type=\"spacer.default\">\n\t\t\t\t<div class=\"elementor-widget-container\">\n\t\t\t\t\t\t\t<div class=\"elementor-spacer\">\n\t\t\t<div class=\"elementor-spacer-inner\"><\/div>\n\t\t<\/div>\n\t\t\t\t\t\t<\/div>\n\t\t\t\t<\/div>\n\t\t\t\t\t<\/div>\n\t\t<\/div>\n\t\t\t\t<div class=\"elementor-column elementor-col-50 elementor-top-column elementor-element elementor-element-50a8d976\" data-id=\"50a8d976\" data-element_type=\"column\" data-e-type=\"column\">\n\t\t\t<div class=\"elementor-widget-wrap elementor-element-populated\">\n\t\t\t\t\t\t<div class=\"elementor-element elementor-element-245bda4e elementor-widget elementor-widget-image\" data-id=\"245bda4e\" data-element_type=\"widget\" data-e-type=\"widget\" data-widget_type=\"image.default\">\n\t\t\t\t<div class=\"elementor-widget-container\">\n\t\t\t\t\t\t\t\t\t\t\t\t\t\t\t<img fetchpriority=\"high\" decoding=\"async\" width=\"1920\" height=\"2560\" src=\"https:\/\/bugaderiashirley.es\/wp-content\/uploads\/2025\/02\/IMG_7882-scaled.jpeg\" class=\"attachment-full size-full wp-image-297\" alt=\"\" srcset=\"https:\/\/bugaderiashirley.es\/wp-content\/uploads\/2025\/02\/IMG_7882-scaled.jpeg 1920w, https:\/\/bugaderiashirley.es\/wp-content\/uploads\/2025\/02\/IMG_7882-225x300.jpeg 225w, https:\/\/bugaderiashirley.es\/wp-content\/uploads\/2025\/02\/IMG_7882-768x1024.jpeg 768w, https:\/\/bugaderiashirley.es\/wp-content\/uploads\/2025\/02\/IMG_7882-1152x1536.jpeg 1152w, https:\/\/bugaderiashirley.es\/wp-content\/uploads\/2025\/02\/IMG_7882-1536x2048.jpeg 1536w\" sizes=\"(max-width: 1920px) 100vw, 1920px\" \/>\t\t\t\t\t\t\t\t\t\t\t\t\t\t\t<\/div>\n\t\t\t\t<\/div>\n\t\t\t\t<div class=\"elementor-element elementor-element-7a54b9e4 elementor-widget__width-initial elementor-absolute elementor-widget-mobile__width-initial elementor-widget elementor-widget-image\" data-id=\"7a54b9e4\" data-element_type=\"widget\" data-e-type=\"widget\" data-settings=\"{&quot;_position&quot;:&quot;absolute&quot;}\" data-widget_type=\"image.default\">\n\t\t\t\t<div class=\"elementor-widget-container\">\n\t\t\t\t\t\t\t\t\t\t\t\t\t\t\t<img decoding=\"async\" width=\"1920\" height=\"2560\" src=\"https:\/\/bugaderiashirley.es\/wp-content\/uploads\/2025\/02\/IMG_8226-scaled.jpeg\" class=\"attachment-full size-full wp-image-298\" alt=\"\" srcset=\"https:\/\/bugaderiashirley.es\/wp-content\/uploads\/2025\/02\/IMG_8226-scaled.jpeg 1920w, https:\/\/bugaderiashirley.es\/wp-content\/uploads\/2025\/02\/IMG_8226-225x300.jpeg 225w, https:\/\/bugaderiashirley.es\/wp-content\/uploads\/2025\/02\/IMG_8226-768x1024.jpeg 768w, https:\/\/bugaderiashirley.es\/wp-content\/uploads\/2025\/02\/IMG_8226-1152x1536.jpeg 1152w, https:\/\/bugaderiashirley.es\/wp-content\/uploads\/2025\/02\/IMG_8226-1536x2048.jpeg 1536w\" sizes=\"(max-width: 1920px) 100vw, 1920px\" \/>\t\t\t\t\t\t\t\t\t\t\t\t\t\t\t<\/div>\n\t\t\t\t<\/div>\n\t\t\t\t\t<\/div>\n\t\t<\/div>\n\t\t\t\t\t<\/div>\n\t\t<\/section>\n\t\t\t\t<\/div>\n\t\t","protected":false},"excerpt":{"rendered":"<p>Sobre nosotros M\u00e1s que una lavander\u00eda, un espacio pensado para ti En la lavander\u00eda L\u2019\u00c0via Shirley, creemos que lavar la [&hellip;]<\/p>\n","protected":false},"author":1,"featured_media":285,"parent":0,"menu_order":0,"comment_status":"closed","ping_status":"closed","template":"","meta":{"site-sidebar-layout":"no-sidebar","site-content-layout":"","ast-site-content-layout":"full-width-container","site-content-style":"default","site-sidebar-style":"default","ast-global-header-display":"","ast-banner-title-visibility":"","ast-main-header-display":"","ast-hfb-above-header-display":"","ast-hfb-below-header-display":"","ast-hfb-mobile-header-display":"","site-post-title":"disabled","ast-breadcrumbs-content":"","ast-featured-img":"disabled","footer-sml-layout":"","ast-disable-related-posts":"","theme-transparent-header-meta":"default","adv-header-id-meta":"","stick-header-meta":"","header-above-stick-meta":"","header-main-stick-meta":"","header-below-stick-meta":"","astra-migrate-meta-layouts":"default","ast-page-background-enabled":"default","ast-page-background-meta":{"desktop":{"background-color":"var(--ast-global-color-5)","background-image":"","background-repeat":"repeat","background-position":"center center","background-size":"auto","background-attachment":"scroll","background-type":"","background-media":"","overlay-type":"","overlay-color":"","overlay-opacity":"","overlay-gradient":""},"tablet":{"background-color":"","background-image":"","background-repeat":"repeat","background-position":"center center","background-size":"auto","background-attachment":"scroll","background-type":"","background-media":"","overlay-type":"","overlay-color":"","overlay-opacity":"","overlay-gradient":""},"mobile":{"background-color":"","background-image":"","background-repeat":"repeat","background-position":"center center","background-size":"auto","background-attachment":"scroll","background-type":"","background-media":"","overlay-type":"","overlay-color":"","overlay-opacity":"","overlay-gradient":""}},"ast-content-background-meta":{"desktop":{"background-color":"var(--ast-global-color-4)","background-image":"","background-repeat":"repeat","background-position":"center center","background-size":"auto","background-attachment":"scroll","background-type":"","background-media":"","overlay-type":"","overlay-color":"","overlay-opacity":"","overlay-gradient":""},"tablet":{"background-color":"var(--ast-global-color-4)","background-image":"","background-repeat":"repeat","background-position":"center center","background-size":"auto","background-attachment":"scroll","background-type":"","background-media":"","overlay-type":"","overlay-color":"","overlay-opacity":"","overlay-gradient":""},"mobile":{"background-color":"var(--ast-global-color-4)","background-image":"","background-repeat":"repeat","background-position":"center center","background-size":"auto","background-attachment":"scroll","background-type":"","background-media":"","overlay-type":"","overlay-color":"","overlay-opacity":"","overlay-gradient":""}},"footnotes":""},"class_list":["post-319","page","type-page","status-publish","has-post-thumbnail","hentry"],"yoast_head":"<!-- This site is optimized with the Yoast SEO plugin v27.3 - https:\/\/yoast.com\/product\/yoast-seo-wordpress\/ -->\n<title>Sobre nosotros &#8226; L&#039;\u00c0via Shirley &#8226; Lavander\u00eda Autoservicio en Figueres<\/title>\n<meta name=\"description\" content=\"En Lavander\u00eda L&#039;Avia Shirley ofrecemos un espacio moderno y c\u00f3modo en Figueres, con maquinaria catalana de \u00faltima generaci\u00f3n para un lavado eficiente.\" \/>\n<meta name=\"robots\" content=\"index, follow, max-snippet:-1, max-image-preview:large, max-video-preview:-1\" \/>\n<link rel=\"canonical\" href=\"https:\/\/bugaderiashirley.es\/es\/sobre-nosotros\/\" \/>\n<meta property=\"og:locale\" content=\"es_ES\" \/>\n<meta property=\"og:type\" content=\"article\" \/>\n<meta property=\"og:title\" content=\"Sobre nosotros &#8226; L&#039;\u00c0via Shirley &#8226; Lavander\u00eda Autoservicio en Figueres\" \/>\n<meta property=\"og:description\" content=\"En Lavander\u00eda L&#039;Avia Shirley ofrecemos un espacio moderno y c\u00f3modo en Figueres, con maquinaria catalana de \u00faltima generaci\u00f3n para un lavado eficiente.\" \/>\n<meta property=\"og:url\" content=\"https:\/\/bugaderiashirley.es\/es\/sobre-nosotros\/\" \/>\n<meta property=\"og:site_name\" content=\"L&#039;\u00c0via Shirley\" \/>\n<meta property=\"article:modified_time\" content=\"2025-02-12T11:37:24+00:00\" \/>\n<meta property=\"og:image\" content=\"https:\/\/bugaderiashirley.es\/wp-content\/uploads\/2025\/02\/IMG_7885-scaled.jpeg\" \/>\n\t<meta property=\"og:image:width\" content=\"2560\" \/>\n\t<meta property=\"og:image:height\" content=\"1920\" \/>\n\t<meta property=\"og:image:type\" content=\"image\/jpeg\" \/>\n<meta name=\"twitter:card\" content=\"summary_large_image\" \/>\n<meta name=\"twitter:label1\" content=\"Tiempo de lectura\" \/>\n\t<meta name=\"twitter:data1\" content=\"1 minuto\" \/>\n<script type=\"application\/ld+json\" class=\"yoast-schema-graph\">{\"@context\":\"https:\\\/\\\/schema.org\",\"@graph\":[{\"@type\":\"WebPage\",\"@id\":\"https:\\\/\\\/bugaderiashirley.es\\\/es\\\/sobre-nosotros\\\/\",\"url\":\"https:\\\/\\\/bugaderiashirley.es\\\/es\\\/sobre-nosotros\\\/\",\"name\":\"Sobre nosotros &#8226; L&#039;\u00c0via Shirley &#8226; Lavander\u00eda Autoservicio en Figueres\",\"isPartOf\":{\"@id\":\"https:\\\/\\\/bugaderiashirley.es\\\/es\\\/#website\"},\"primaryImageOfPage\":{\"@id\":\"https:\\\/\\\/bugaderiashirley.es\\\/es\\\/sobre-nosotros\\\/#primaryimage\"},\"image\":{\"@id\":\"https:\\\/\\\/bugaderiashirley.es\\\/es\\\/sobre-nosotros\\\/#primaryimage\"},\"thumbnailUrl\":\"https:\\\/\\\/bugaderiashirley.es\\\/wp-content\\\/uploads\\\/2025\\\/02\\\/IMG_7885-scaled.jpeg\",\"datePublished\":\"2025-02-04T14:27:48+00:00\",\"dateModified\":\"2025-02-12T11:37:24+00:00\",\"description\":\"En Lavander\u00eda L'Avia Shirley ofrecemos un espacio moderno y c\u00f3modo en Figueres, con maquinaria catalana de \u00faltima generaci\u00f3n para un lavado eficiente.\",\"breadcrumb\":{\"@id\":\"https:\\\/\\\/bugaderiashirley.es\\\/es\\\/sobre-nosotros\\\/#breadcrumb\"},\"inLanguage\":\"es\",\"potentialAction\":[{\"@type\":\"ReadAction\",\"target\":[\"https:\\\/\\\/bugaderiashirley.es\\\/es\\\/sobre-nosotros\\\/\"]}]},{\"@type\":\"ImageObject\",\"inLanguage\":\"es\",\"@id\":\"https:\\\/\\\/bugaderiashirley.es\\\/es\\\/sobre-nosotros\\\/#primaryimage\",\"url\":\"https:\\\/\\\/bugaderiashirley.es\\\/wp-content\\\/uploads\\\/2025\\\/02\\\/IMG_7885-scaled.jpeg\",\"contentUrl\":\"https:\\\/\\\/bugaderiashirley.es\\\/wp-content\\\/uploads\\\/2025\\\/02\\\/IMG_7885-scaled.jpeg\",\"width\":2560,\"height\":1920},{\"@type\":\"BreadcrumbList\",\"@id\":\"https:\\\/\\\/bugaderiashirley.es\\\/es\\\/sobre-nosotros\\\/#breadcrumb\",\"itemListElement\":[{\"@type\":\"ListItem\",\"position\":1,\"name\":\"Portada\",\"item\":\"https:\\\/\\\/bugaderiashirley.es\\\/es\\\/\"},{\"@type\":\"ListItem\",\"position\":2,\"name\":\"Sobre nosotros\"}]},{\"@type\":\"WebSite\",\"@id\":\"https:\\\/\\\/bugaderiashirley.es\\\/es\\\/#website\",\"url\":\"https:\\\/\\\/bugaderiashirley.es\\\/es\\\/\",\"name\":\"L'\u00c0via Shirley\",\"description\":\"Bugaderia a Figueres\",\"publisher\":{\"@id\":\"https:\\\/\\\/bugaderiashirley.es\\\/es\\\/#organization\"},\"potentialAction\":[{\"@type\":\"SearchAction\",\"target\":{\"@type\":\"EntryPoint\",\"urlTemplate\":\"https:\\\/\\\/bugaderiashirley.es\\\/es\\\/?s={search_term_string}\"},\"query-input\":{\"@type\":\"PropertyValueSpecification\",\"valueRequired\":true,\"valueName\":\"search_term_string\"}}],\"inLanguage\":\"es\"},{\"@type\":\"Organization\",\"@id\":\"https:\\\/\\\/bugaderiashirley.es\\\/es\\\/#organization\",\"name\":\"L'\u00c0via Shirley\",\"url\":\"https:\\\/\\\/bugaderiashirley.es\\\/es\\\/\",\"logo\":{\"@type\":\"ImageObject\",\"inLanguage\":\"es\",\"@id\":\"https:\\\/\\\/bugaderiashirley.es\\\/es\\\/#\\\/schema\\\/logo\\\/image\\\/\",\"url\":\"https:\\\/\\\/bugaderiashirley.es\\\/wp-content\\\/uploads\\\/2025\\\/02\\\/logo-white.png\",\"contentUrl\":\"https:\\\/\\\/bugaderiashirley.es\\\/wp-content\\\/uploads\\\/2025\\\/02\\\/logo-white.png\",\"width\":577,\"height\":228,\"caption\":\"L'\u00c0via Shirley\"},\"image\":{\"@id\":\"https:\\\/\\\/bugaderiashirley.es\\\/es\\\/#\\\/schema\\\/logo\\\/image\\\/\"}}]}<\/script>\n<!-- \/ Yoast SEO plugin. -->","yoast_head_json":{"title":"Sobre nosotros &#8226; L&#039;\u00c0via Shirley &#8226; Lavander\u00eda Autoservicio en Figueres","description":"En Lavander\u00eda L'Avia Shirley ofrecemos un espacio moderno y c\u00f3modo en Figueres, con maquinaria catalana de \u00faltima generaci\u00f3n para un lavado eficiente.","robots":{"index":"index","follow":"follow","max-snippet":"max-snippet:-1","max-image-preview":"max-image-preview:large","max-video-preview":"max-video-preview:-1"},"canonical":"https:\/\/bugaderiashirley.es\/es\/sobre-nosotros\/","og_locale":"es_ES","og_type":"article","og_title":"Sobre nosotros &#8226; L&#039;\u00c0via Shirley &#8226; Lavander\u00eda Autoservicio en Figueres","og_description":"En Lavander\u00eda L'Avia Shirley ofrecemos un espacio moderno y c\u00f3modo en Figueres, con maquinaria catalana de \u00faltima generaci\u00f3n para un lavado eficiente.","og_url":"https:\/\/bugaderiashirley.es\/es\/sobre-nosotros\/","og_site_name":"L&#039;\u00c0via Shirley","article_modified_time":"2025-02-12T11:37:24+00:00","og_image":[{"width":2560,"height":1920,"url":"https:\/\/bugaderiashirley.es\/wp-content\/uploads\/2025\/02\/IMG_7885-scaled.jpeg","type":"image\/jpeg"}],"twitter_card":"summary_large_image","twitter_misc":{"Tiempo de lectura":"1 minuto"},"schema":{"@context":"https:\/\/schema.org","@graph":[{"@type":"WebPage","@id":"https:\/\/bugaderiashirley.es\/es\/sobre-nosotros\/","url":"https:\/\/bugaderiashirley.es\/es\/sobre-nosotros\/","name":"Sobre nosotros &#8226; L&#039;\u00c0via Shirley &#8226; Lavander\u00eda Autoservicio en Figueres","isPartOf":{"@id":"https:\/\/bugaderiashirley.es\/es\/#website"},"primaryImageOfPage":{"@id":"https:\/\/bugaderiashirley.es\/es\/sobre-nosotros\/#primaryimage"},"image":{"@id":"https:\/\/bugaderiashirley.es\/es\/sobre-nosotros\/#primaryimage"},"thumbnailUrl":"https:\/\/bugaderiashirley.es\/wp-content\/uploads\/2025\/02\/IMG_7885-scaled.jpeg","datePublished":"2025-02-04T14:27:48+00:00","dateModified":"2025-02-12T11:37:24+00:00","description":"En Lavander\u00eda L'Avia Shirley ofrecemos un espacio moderno y c\u00f3modo en Figueres, con maquinaria catalana de \u00faltima generaci\u00f3n para un lavado eficiente.","breadcrumb":{"@id":"https:\/\/bugaderiashirley.es\/es\/sobre-nosotros\/#breadcrumb"},"inLanguage":"es","potentialAction":[{"@type":"ReadAction","target":["https:\/\/bugaderiashirley.es\/es\/sobre-nosotros\/"]}]},{"@type":"ImageObject","inLanguage":"es","@id":"https:\/\/bugaderiashirley.es\/es\/sobre-nosotros\/#primaryimage","url":"https:\/\/bugaderiashirley.es\/wp-content\/uploads\/2025\/02\/IMG_7885-scaled.jpeg","contentUrl":"https:\/\/bugaderiashirley.es\/wp-content\/uploads\/2025\/02\/IMG_7885-scaled.jpeg","width":2560,"height":1920},{"@type":"BreadcrumbList","@id":"https:\/\/bugaderiashirley.es\/es\/sobre-nosotros\/#breadcrumb","itemListElement":[{"@type":"ListItem","position":1,"name":"Portada","item":"https:\/\/bugaderiashirley.es\/es\/"},{"@type":"ListItem","position":2,"name":"Sobre nosotros"}]},{"@type":"WebSite","@id":"https:\/\/bugaderiashirley.es\/es\/#website","url":"https:\/\/bugaderiashirley.es\/es\/","name":"L'\u00c0via Shirley","description":"Bugaderia a Figueres","publisher":{"@id":"https:\/\/bugaderiashirley.es\/es\/#organization"},"potentialAction":[{"@type":"SearchAction","target":{"@type":"EntryPoint","urlTemplate":"https:\/\/bugaderiashirley.es\/es\/?s={search_term_string}"},"query-input":{"@type":"PropertyValueSpecification","valueRequired":true,"valueName":"search_term_string"}}],"inLanguage":"es"},{"@type":"Organization","@id":"https:\/\/bugaderiashirley.es\/es\/#organization","name":"L'\u00c0via Shirley","url":"https:\/\/bugaderiashirley.es\/es\/","logo":{"@type":"ImageObject","inLanguage":"es","@id":"https:\/\/bugaderiashirley.es\/es\/#\/schema\/logo\/image\/","url":"https:\/\/bugaderiashirley.es\/wp-content\/uploads\/2025\/02\/logo-white.png","contentUrl":"https:\/\/bugaderiashirley.es\/wp-content\/uploads\/2025\/02\/logo-white.png","width":577,"height":228,"caption":"L'\u00c0via Shirley"},"image":{"@id":"https:\/\/bugaderiashirley.es\/es\/#\/schema\/logo\/image\/"}}]}},"_links":{"self":[{"href":"https:\/\/bugaderiashirley.es\/es\/wp-json\/wp\/v2\/pages\/319","targetHints":{"allow":["GET"]}}],"collection":[{"href":"https:\/\/bugaderiashirley.es\/es\/wp-json\/wp\/v2\/pages"}],"about":[{"href":"https:\/\/bugaderiashirley.es\/es\/wp-json\/wp\/v2\/types\/page"}],"author":[{"embeddable":true,"href":"https:\/\/bugaderiashirley.es\/es\/wp-json\/wp\/v2\/users\/1"}],"replies":[{"embeddable":true,"href":"https:\/\/bugaderiashirley.es\/es\/wp-json\/wp\/v2\/comments?post=319"}],"version-history":[{"count":5,"href":"https:\/\/bugaderiashirley.es\/es\/wp-json\/wp\/v2\/pages\/319\/revisions"}],"predecessor-version":[{"id":345,"href":"https:\/\/bugaderiashirley.es\/es\/wp-json\/wp\/v2\/pages\/319\/revisions\/345"}],"wp:featuredmedia":[{"embeddable":true,"href":"https:\/\/bugaderiashirley.es\/es\/wp-json\/wp\/v2\/media\/285"}],"wp:attachment":[{"href":"https:\/\/bugaderiashirley.es\/es\/wp-json\/wp\/v2\/media?parent=319"}],"curies":[{"name":"wp","href":"https:\/\/api.w.org\/{rel}","templated":true}]}}