{"id":315,"date":"2025-02-04T16:19:01","date_gmt":"2025-02-04T16:19:01","guid":{"rendered":"https:\/\/bugaderiashirley.es\/politica-de-privacidad\/"},"modified":"2025-02-11T17:48:36","modified_gmt":"2025-02-11T17:48:36","slug":"politica-de-privacidad","status":"publish","type":"page","link":"https:\/\/bugaderiashirley.es\/es\/politica-de-privacidad\/","title":{"rendered":"Pol\u00edtica de privacidad"},"content":{"rendered":"\t\t<div data-elementor-type=\"wp-page\" data-elementor-id=\"315\" class=\"elementor elementor-315 elementor-180\" data-elementor-post-type=\"page\">\n\t\t\t\t<div class=\"elementor-element elementor-element-a2e5bfc e-flex e-con-boxed e-con e-parent\" data-id=\"a2e5bfc\" data-element_type=\"container\" data-e-type=\"container\" data-settings=\"{&quot;background_background&quot;:&quot;classic&quot;}\">\n\t\t\t\t\t<div class=\"e-con-inner\">\n\t\t\t\t<div class=\"elementor-element elementor-element-35f78b5 elementor-widget elementor-widget-text-editor\" data-id=\"35f78b5\" data-element_type=\"widget\" data-e-type=\"widget\" data-widget_type=\"text-editor.default\">\n\t\t\t\t<div class=\"elementor-widget-container\">\n\t\t\t\t\t\t\t\t\t<p><strong>1. Uso y tratamiento de datos de car\u00e1cter personal<\/strong><\/p>\n<p>ALEGABI E HIJOS SL (en adelante, EL PROPIETARIO DE LA WEB) le informa que los datos de car\u00e1cter personal que pudieran proporcionarse, a trav\u00e9s del site, as\u00ed como los que pudiera facilitar en el futuro en el marco de su relaci\u00f3n jur\u00eddica con esta entidad, ser\u00e1n incorporados a los ficheros titularidad de EL PROPIETARIO DE LA WEB, cuyos datos constan en la misma.<\/p>\n<p>Estos ficheros tienen la finalidad de gestionar, administrar, prestarle los servicios o facilitarle los productos que solicite, y en su caso, para el cumplimiento y ejecuci\u00f3n de los contratos que pudiera celebrar, conocer mejor sus gustos, adecuar los servicios a sus preferencias, as\u00ed como poder ofrecer nuevos servicios o productos y enviar informaci\u00f3n relacionada con las actividades de EL PROPIETARIO DE LA WEB. Los destinatarios de la informaci\u00f3n recogida ser\u00e1n, principalmente, los empleados del PROPIETARIO DE LA WEB.<\/p>\n<p>Salvo en los campos en los que expresamente se determine lo contrario por medio de un asterisco (*), las respuestas a las preguntas sobre datos personales son voluntarias, sin que la falta de contestaci\u00f3n a estas preguntas implique una merma en la calidad de los servicios que usted solicita. La falta de cumplimentaci\u00f3n de los campos determinados como obligatorios o el suministro de datos incorrectos imposibilitar\u00e1 que EL PROPIETARIO DE LA WEB pueda prestarle los servicios o le facilite los productos que solicite.<\/p>\n<p>El consentimiento otorgado para el tratamiento de sus datos personales, puede ser revocado en cualquier momento, dirigi\u00e9ndose a la direcci\u00f3n de EL PROPIETARIO DE LA WEB oa trav\u00e9s del correo electr\u00f3nico info@bugaderiashirley.com<\/p>\n<p>Los usuarios garantizan y responden, en cualquier caso, de la exactitud, vigencia y autenticidad de los datos personales facilitados y se comprometen a mantenerlos debidamente actualizados.<\/p>\n<p><strong>2. Ejercicio de derechos: acceso, rectificaci\u00f3n, cancelaci\u00f3n y oposici\u00f3n<\/strong><\/p>\n<p>Aquellas personas f\u00edsicas que hayan facilitado los datos al PROPIETARIO DE LA WEB podr\u00e1n ejercitar gratuitamente los derechos de acceso, rectificaci\u00f3n, cancelaci\u00f3n y oposici\u00f3n respecto a los datos incorporados en los ficheros de EL PROPIETARIO DE LA WEB<\/p>\n<p>Dado el car\u00e1cter confidencial de la informaci\u00f3n, usted no podr\u00e1 ejercitar sus derechos telef\u00f3nicamente, debe solicitarlo por cualquier medio que deje constancia de su env\u00edo y de su recepci\u00f3n y remitir copia del DNI o documento equivalente.<\/p>\n<p>El interesado podr\u00e1 ejercitar sus derechos mediante comunicaci\u00f3n por escrito dirigida al PROPIETARIO DE LA WEB en la direcci\u00f3n indicada en el inicio o en la direcci\u00f3n de correo electr\u00f3nico info@bugaderiashirley.com<\/p>\n<p><strong>3. Medidas de seguridad<\/strong><\/p>\n<p>EL PROPIETARIO DE LA WEB le informa que tiene implantadas las medidas de seguridad de \u00edndole t\u00e9cnica y organizativas necesarias para garantizar la seguridad de sus datos de car\u00e1cter personal y evitar su alteraci\u00f3n, p\u00e9rdida y tratamiento y\/o acceso no autorizado, teniendo en cuenta del estado de la tecnolog\u00eda, la naturaleza de los datos almacenados y los riesgos a los que est\u00e1n expuestos, ya prueben.<\/p>\n<p>El usuario debe ser consciente de que las medidas de seguridad en Internet no son inexpugnables y enteramente fiables y que EL PROPIETARIO DE LA WEB no puede garantizar la inexistencia de virus u otros elementos que pudieran producir alteraciones en los sistemas inform\u00e1ticos (software y hardware) del usuario.<\/p>\n<p><strong>4. Menores de edad<\/strong><\/p>\n<p>En caso de que alguno de los servicios y productos vayan dirigidos a menores de 14 a\u00f1os. EL PROPIETARIO DE LA WEB solicitar\u00e1 el consentimiento de los padres o tutores para la recogida de datos personales del menor.<\/p>\n<p>EL PROPIETARIO DE LA WEB no responde de los datos de menores que sin poder conocer EL PROPIETARIO DE LA WEB este hecho se haya facilitado sin el consentimiento de sus padres o tutores.<\/p>\n<p><strong>5. Modificaci\u00f3n de la pol\u00edtica de privacidad<\/strong><\/p>\n<p>EL PROPIETARIO DE LA WEB se reserva el derecho a modificar su Pol\u00edtica de Privacidad, de acuerdo con su propio criterio, o motivado por un cambio doctrinal de la Autoridad competente en Protecci\u00f3n de Datos, legislativo o jurisprudencial. Cualquier modificaci\u00f3n de la Pol\u00edtica de Privacidad ser\u00e1 publicada, antes de su efectiva aplicaci\u00f3n. El uso de la web despu\u00e9s de estos cambios implicar\u00e1 la aceptaci\u00f3n de \u00e9stos.<\/p>\n<p><strong>6. Legislaci\u00f3n aplicable<\/strong><\/p>\n<p>Cualquier controversia que se derive del uso de este site, ser\u00e1 regida, interpretada y sometida de acuerdo con las leyes de Espa\u00f1a.<\/p>\n\t\t\t\t\t\t\t\t<\/div>\n\t\t\t\t<\/div>\n\t\t\t\t\t<\/div>\n\t\t\t\t<\/div>\n\t\t\t\t<\/div>\n\t\t","protected":false},"excerpt":{"rendered":"<p>1. Uso y tratamiento de datos de car\u00e1cter personal ALEGABI E HIJOS SL (en adelante, EL PROPIETARIO DE LA WEB) [&hellip;]<\/p>\n","protected":false},"author":1,"featured_media":0,"parent":0,"menu_order":0,"comment_status":"closed","ping_status":"closed","template":"","meta":{"site-sidebar-layout":"no-sidebar","site-content-layout":"","ast-site-content-layout":"full-width-container","site-content-style":"default","site-sidebar-style":"default","ast-global-header-display":"","ast-banner-title-visibility":"","ast-main-header-display":"","ast-hfb-above-header-display":"","ast-hfb-below-header-display":"","ast-hfb-mobile-header-display":"","site-post-title":"disabled","ast-breadcrumbs-content":"","ast-featured-img":"disabled","footer-sml-layout":"","ast-disable-related-posts":"","theme-transparent-header-meta":"default","adv-header-id-meta":"","stick-header-meta":"","header-above-stick-meta":"","header-main-stick-meta":"","header-below-stick-meta":"","astra-migrate-meta-layouts":"default","ast-page-background-enabled":"default","ast-page-background-meta":{"desktop":{"background-color":"var(--ast-global-color-5)","background-image":"","background-repeat":"repeat","background-position":"center center","background-size":"auto","background-attachment":"scroll","background-type":"","background-media":"","overlay-type":"","overlay-color":"","overlay-opacity":"","overlay-gradient":""},"tablet":{"background-color":"","background-image":"","background-repeat":"repeat","background-position":"center center","background-size":"auto","background-attachment":"scroll","background-type":"","background-media":"","overlay-type":"","overlay-color":"","overlay-opacity":"","overlay-gradient":""},"mobile":{"background-color":"","background-image":"","background-repeat":"repeat","background-position":"center center","background-size":"auto","background-attachment":"scroll","background-type":"","background-media":"","overlay-type":"","overlay-color":"","overlay-opacity":"","overlay-gradient":""}},"ast-content-background-meta":{"desktop":{"background-color":"var(--ast-global-color-4)","background-image":"","background-repeat":"repeat","background-position":"center center","background-size":"auto","background-attachment":"scroll","background-type":"","background-media":"","overlay-type":"","overlay-color":"","overlay-opacity":"","overlay-gradient":""},"tablet":{"background-color":"var(--ast-global-color-4)","background-image":"","background-repeat":"repeat","background-position":"center center","background-size":"auto","background-attachment":"scroll","background-type":"","background-media":"","overlay-type":"","overlay-color":"","overlay-opacity":"","overlay-gradient":""},"mobile":{"background-color":"var(--ast-global-color-4)","background-image":"","background-repeat":"repeat","background-position":"center center","background-size":"auto","background-attachment":"scroll","background-type":"","background-media":"","overlay-type":"","overlay-color":"","overlay-opacity":"","overlay-gradient":""}},"footnotes":""},"class_list":["post-315","page","type-page","status-publish","hentry"],"yoast_head":"<!-- This site is optimized with the Yoast SEO plugin v27.3 - https:\/\/yoast.com\/product\/yoast-seo-wordpress\/ -->\n<title>Pol\u00edtica de privacidad &#8226; L&#039;\u00c0via Shirley<\/title>\n<meta name=\"robots\" content=\"noindex, nofollow\" \/>\n<meta property=\"og:locale\" content=\"es_ES\" \/>\n<meta property=\"og:type\" content=\"article\" \/>\n<meta property=\"og:title\" content=\"Pol\u00edtica de privacidad &#8226; L&#039;\u00c0via Shirley\" \/>\n<meta property=\"og:description\" content=\"1. Uso y tratamiento de datos de car\u00e1cter personal ALEGABI E HIJOS SL (en adelante, EL PROPIETARIO DE LA WEB) [&hellip;]\" \/>\n<meta property=\"og:url\" content=\"https:\/\/bugaderiashirley.es\/es\/politica-de-privacidad\/\" \/>\n<meta property=\"og:site_name\" content=\"L&#039;\u00c0via Shirley\" \/>\n<meta property=\"article:modified_time\" content=\"2025-02-11T17:48:36+00:00\" \/>\n<meta property=\"og:image\" content=\"https:\/\/bugaderiashirley.es\/wp-content\/uploads\/2025\/02\/logo-white.png\" \/>\n\t<meta property=\"og:image:width\" content=\"577\" \/>\n\t<meta property=\"og:image:height\" content=\"228\" \/>\n\t<meta property=\"og:image:type\" content=\"image\/png\" \/>\n<meta name=\"twitter:card\" content=\"summary_large_image\" \/>\n<meta name=\"twitter:label1\" content=\"Tiempo de lectura\" \/>\n\t<meta name=\"twitter:data1\" content=\"4 minutos\" \/>\n<script type=\"application\/ld+json\" class=\"yoast-schema-graph\">{\"@context\":\"https:\\\/\\\/schema.org\",\"@graph\":[{\"@type\":\"WebPage\",\"@id\":\"https:\\\/\\\/bugaderiashirley.es\\\/es\\\/politica-de-privacidad\\\/\",\"url\":\"https:\\\/\\\/bugaderiashirley.es\\\/es\\\/politica-de-privacidad\\\/\",\"name\":\"Pol\u00edtica de privacidad &#8226; L&#039;\u00c0via Shirley\",\"isPartOf\":{\"@id\":\"https:\\\/\\\/bugaderiashirley.es\\\/es\\\/#website\"},\"datePublished\":\"2025-02-04T16:19:01+00:00\",\"dateModified\":\"2025-02-11T17:48:36+00:00\",\"breadcrumb\":{\"@id\":\"https:\\\/\\\/bugaderiashirley.es\\\/es\\\/politica-de-privacidad\\\/#breadcrumb\"},\"inLanguage\":\"es\",\"potentialAction\":[{\"@type\":\"ReadAction\",\"target\":[\"https:\\\/\\\/bugaderiashirley.es\\\/es\\\/politica-de-privacidad\\\/\"]}]},{\"@type\":\"BreadcrumbList\",\"@id\":\"https:\\\/\\\/bugaderiashirley.es\\\/es\\\/politica-de-privacidad\\\/#breadcrumb\",\"itemListElement\":[{\"@type\":\"ListItem\",\"position\":1,\"name\":\"Portada\",\"item\":\"https:\\\/\\\/bugaderiashirley.es\\\/es\\\/\"},{\"@type\":\"ListItem\",\"position\":2,\"name\":\"Pol\u00edtica de privacidad\"}]},{\"@type\":\"WebSite\",\"@id\":\"https:\\\/\\\/bugaderiashirley.es\\\/es\\\/#website\",\"url\":\"https:\\\/\\\/bugaderiashirley.es\\\/es\\\/\",\"name\":\"L'\u00c0via Shirley\",\"description\":\"Bugaderia a Figueres\",\"publisher\":{\"@id\":\"https:\\\/\\\/bugaderiashirley.es\\\/es\\\/#organization\"},\"potentialAction\":[{\"@type\":\"SearchAction\",\"target\":{\"@type\":\"EntryPoint\",\"urlTemplate\":\"https:\\\/\\\/bugaderiashirley.es\\\/es\\\/?s={search_term_string}\"},\"query-input\":{\"@type\":\"PropertyValueSpecification\",\"valueRequired\":true,\"valueName\":\"search_term_string\"}}],\"inLanguage\":\"es\"},{\"@type\":\"Organization\",\"@id\":\"https:\\\/\\\/bugaderiashirley.es\\\/es\\\/#organization\",\"name\":\"L'\u00c0via Shirley\",\"url\":\"https:\\\/\\\/bugaderiashirley.es\\\/es\\\/\",\"logo\":{\"@type\":\"ImageObject\",\"inLanguage\":\"es\",\"@id\":\"https:\\\/\\\/bugaderiashirley.es\\\/es\\\/#\\\/schema\\\/logo\\\/image\\\/\",\"url\":\"https:\\\/\\\/bugaderiashirley.es\\\/wp-content\\\/uploads\\\/2025\\\/02\\\/logo-white.png\",\"contentUrl\":\"https:\\\/\\\/bugaderiashirley.es\\\/wp-content\\\/uploads\\\/2025\\\/02\\\/logo-white.png\",\"width\":577,\"height\":228,\"caption\":\"L'\u00c0via Shirley\"},\"image\":{\"@id\":\"https:\\\/\\\/bugaderiashirley.es\\\/es\\\/#\\\/schema\\\/logo\\\/image\\\/\"}}]}<\/script>\n<!-- \/ Yoast SEO plugin. -->","yoast_head_json":{"title":"Pol\u00edtica de privacidad &#8226; L&#039;\u00c0via Shirley","robots":{"index":"noindex","follow":"nofollow"},"og_locale":"es_ES","og_type":"article","og_title":"Pol\u00edtica de privacidad &#8226; L&#039;\u00c0via Shirley","og_description":"1. Uso y tratamiento de datos de car\u00e1cter personal ALEGABI E HIJOS SL (en adelante, EL PROPIETARIO DE LA WEB) [&hellip;]","og_url":"https:\/\/bugaderiashirley.es\/es\/politica-de-privacidad\/","og_site_name":"L&#039;\u00c0via Shirley","article_modified_time":"2025-02-11T17:48:36+00:00","og_image":[{"width":577,"height":228,"url":"https:\/\/bugaderiashirley.es\/wp-content\/uploads\/2025\/02\/logo-white.png","type":"image\/png"}],"twitter_card":"summary_large_image","twitter_misc":{"Tiempo de lectura":"4 minutos"},"schema":{"@context":"https:\/\/schema.org","@graph":[{"@type":"WebPage","@id":"https:\/\/bugaderiashirley.es\/es\/politica-de-privacidad\/","url":"https:\/\/bugaderiashirley.es\/es\/politica-de-privacidad\/","name":"Pol\u00edtica de privacidad &#8226; L&#039;\u00c0via Shirley","isPartOf":{"@id":"https:\/\/bugaderiashirley.es\/es\/#website"},"datePublished":"2025-02-04T16:19:01+00:00","dateModified":"2025-02-11T17:48:36+00:00","breadcrumb":{"@id":"https:\/\/bugaderiashirley.es\/es\/politica-de-privacidad\/#breadcrumb"},"inLanguage":"es","potentialAction":[{"@type":"ReadAction","target":["https:\/\/bugaderiashirley.es\/es\/politica-de-privacidad\/"]}]},{"@type":"BreadcrumbList","@id":"https:\/\/bugaderiashirley.es\/es\/politica-de-privacidad\/#breadcrumb","itemListElement":[{"@type":"ListItem","position":1,"name":"Portada","item":"https:\/\/bugaderiashirley.es\/es\/"},{"@type":"ListItem","position":2,"name":"Pol\u00edtica de privacidad"}]},{"@type":"WebSite","@id":"https:\/\/bugaderiashirley.es\/es\/#website","url":"https:\/\/bugaderiashirley.es\/es\/","name":"L'\u00c0via Shirley","description":"Bugaderia a Figueres","publisher":{"@id":"https:\/\/bugaderiashirley.es\/es\/#organization"},"potentialAction":[{"@type":"SearchAction","target":{"@type":"EntryPoint","urlTemplate":"https:\/\/bugaderiashirley.es\/es\/?s={search_term_string}"},"query-input":{"@type":"PropertyValueSpecification","valueRequired":true,"valueName":"search_term_string"}}],"inLanguage":"es"},{"@type":"Organization","@id":"https:\/\/bugaderiashirley.es\/es\/#organization","name":"L'\u00c0via Shirley","url":"https:\/\/bugaderiashirley.es\/es\/","logo":{"@type":"ImageObject","inLanguage":"es","@id":"https:\/\/bugaderiashirley.es\/es\/#\/schema\/logo\/image\/","url":"https:\/\/bugaderiashirley.es\/wp-content\/uploads\/2025\/02\/logo-white.png","contentUrl":"https:\/\/bugaderiashirley.es\/wp-content\/uploads\/2025\/02\/logo-white.png","width":577,"height":228,"caption":"L'\u00c0via Shirley"},"image":{"@id":"https:\/\/bugaderiashirley.es\/es\/#\/schema\/logo\/image\/"}}]}},"_links":{"self":[{"href":"https:\/\/bugaderiashirley.es\/es\/wp-json\/wp\/v2\/pages\/315","targetHints":{"allow":["GET"]}}],"collection":[{"href":"https:\/\/bugaderiashirley.es\/es\/wp-json\/wp\/v2\/pages"}],"about":[{"href":"https:\/\/bugaderiashirley.es\/es\/wp-json\/wp\/v2\/types\/page"}],"author":[{"embeddable":true,"href":"https:\/\/bugaderiashirley.es\/es\/wp-json\/wp\/v2\/users\/1"}],"replies":[{"embeddable":true,"href":"https:\/\/bugaderiashirley.es\/es\/wp-json\/wp\/v2\/comments?post=315"}],"version-history":[{"count":1,"href":"https:\/\/bugaderiashirley.es\/es\/wp-json\/wp\/v2\/pages\/315\/revisions"}],"predecessor-version":[{"id":316,"href":"https:\/\/bugaderiashirley.es\/es\/wp-json\/wp\/v2\/pages\/315\/revisions\/316"}],"wp:attachment":[{"href":"https:\/\/bugaderiashirley.es\/es\/wp-json\/wp\/v2\/media?parent=315"}],"curies":[{"name":"wp","href":"https:\/\/api.w.org\/{rel}","templated":true}]}}